{"id":2317,"date":"2026-01-15T14:20:57","date_gmt":"2026-01-15T06:20:57","guid":{"rendered":"https:\/\/yucheng.demo-web.online\/?post_type=product&#038;p=2317"},"modified":"2026-03-20T13:42:56","modified_gmt":"2026-03-20T05:42:56","slug":"2mm-equipment-protective-cover","status":"publish","type":"product","link":"https:\/\/yoochenplastic.com\/de\/product\/2mm-equipment-protective-cover\/","title":{"rendered":"2mm Equipment Protective Cover"},"content":{"rendered":"<div data-elementor-type=\"wp-post\" data-elementor-id=\"2317\" class=\"elementor elementor-2317\" data-elementor-post-type=\"product\">\n\t\t\t\t<div class=\"elementor-element elementor-element-d02646b e-flex e-con-boxed e-con e-parent\" data-id=\"d02646b\" data-element_type=\"container\" data-e-type=\"container\">\n\t\t\t\t\t<div class=\"e-con-inner\">\n\t\t\t\t<div class=\"elementor-element elementor-element-19b547e elementor-widget elementor-widget-heading\" data-id=\"19b547e\" data-element_type=\"widget\" data-e-type=\"widget\" data-widget_type=\"heading.default\">\n\t\t\t\t<div class=\"elementor-widget-container\">\n\t\t\t\t\t<h2 class=\"elementor-heading-title elementor-size-default\">Product information<\/h2>\t\t\t\t<\/div>\n\t\t\t\t<\/div>\n\t\t\t\t<div class=\"elementor-element elementor-element-c054101 elementor-widget elementor-widget-text-editor\" data-id=\"c054101\" data-element_type=\"widget\" data-e-type=\"widget\" data-widget_type=\"text-editor.default\">\n\t\t\t\t<div class=\"elementor-widget-container\">\n\t\t\t\t\t\t\t\t\t<table><tbody><tr><td width=\"158\"><p>Product name<\/p><\/td><td width=\"334\"><p>Schutzh\u00fclle f\u00fcr die Ausr\u00fcstung<\/p><\/td><\/tr><tr><td width=\"158\"><p>Product size<\/p><\/td><td width=\"334\"><p>Made-to-Order Size;<\/p><p>Thickness: 2mm (Customizable Thickness)<\/p><\/td><\/tr><tr><td width=\"158\"><p>Product color<\/p><\/td><td width=\"334\"><p>Transparent, wei\u00df, schwarz, kundenspezifische Farben<\/p><\/td><\/tr><tr><td width=\"158\"><p>Material<\/p><\/td><td width=\"334\"><p>Polycarbonat (PC)<\/p><\/td><\/tr><tr><td width=\"158\"><p>Custom<\/p><\/td><td width=\"334\"><p>Drawing to sample\/custom size\/thickness<\/p><\/td><\/tr><tr><td width=\"158\"><p>Application<\/p><\/td><td width=\"334\"><p>Building skylights, car lamp covers, industrial protective shields, electronic device housings<\/p><\/td><\/tr><tr><td width=\"158\"><p>Feature<\/p><\/td><td width=\"334\"><p>High impact resistance, excellent weather resistance, high light transmittance, wide temperature range<\/p><\/td><\/tr><tr><td width=\"158\"><p>Physical properties<\/p><\/td><td width=\"334\"><p>Density: ~1.2g\/cm\u00b3;<\/p><p>Impact strength: 600-800J\/m;<\/p><p>Light transmittance: 88-90%;<\/p><p>Working temp: -40~120\u2103<\/p><\/td><\/tr><tr><td width=\"158\"><p>Chemical properties<\/p><\/td><td width=\"334\"><p>Flame retardancy, chemical corrosion resistance, etc.<\/p><\/td><\/tr><tr><td width=\"158\"><p>Others<\/p><\/td><td width=\"334\"><p>Flame retardant (UL94 V-0 grade), antistatic (custom),UV-resistant(custom)<\/p><\/td><\/tr><tr><td width=\"158\"><p>Surface<\/p><\/td><td width=\"334\"><p>Smooth transparent\/Frosted<\/p><\/td><\/tr><tr><td width=\"158\"><p>Fabrication Process<\/p><\/td><td width=\"334\"><p>Cutting,Cold Bending<\/p><\/td><\/tr><\/tbody><\/table><p>\u00a0<\/p>\t\t\t\t\t\t\t\t<\/div>\n\t\t\t\t<\/div>\n\t\t\t\t\t<\/div>\n\t\t\t\t<\/div>\n\t\t\t\t<\/div>","protected":false},"featured_media":2318,"menu_order":0,"template":"","meta":{"_acf_changed":false,"footnotes":""},"product-category":[52],"product-tag":[],"class_list":["post-2317","product","type-product","status-publish","has-post-thumbnail","hentry","product-category-protective-shield-covers-plate"],"acf":[],"_links":{"self":[{"href":"https:\/\/yoochenplastic.com\/de\/wp-json\/wp\/v2\/product\/2317","targetHints":{"allow":["GET"]}}],"collection":[{"href":"https:\/\/yoochenplastic.com\/de\/wp-json\/wp\/v2\/product"}],"about":[{"href":"https:\/\/yoochenplastic.com\/de\/wp-json\/wp\/v2\/types\/product"}],"version-history":[{"count":8,"href":"https:\/\/yoochenplastic.com\/de\/wp-json\/wp\/v2\/product\/2317\/revisions"}],"predecessor-version":[{"id":4083,"href":"https:\/\/yoochenplastic.com\/de\/wp-json\/wp\/v2\/product\/2317\/revisions\/4083"}],"wp:featuredmedia":[{"embeddable":true,"href":"https:\/\/yoochenplastic.com\/de\/wp-json\/wp\/v2\/media\/2318"}],"wp:attachment":[{"href":"https:\/\/yoochenplastic.com\/de\/wp-json\/wp\/v2\/media?parent=2317"}],"wp:term":[{"taxonomy":"product-category","embeddable":true,"href":"https:\/\/yoochenplastic.com\/de\/wp-json\/wp\/v2\/product-category?post=2317"},{"taxonomy":"product-tag","embeddable":true,"href":"https:\/\/yoochenplastic.com\/de\/wp-json\/wp\/v2\/product-tag?post=2317"}],"curies":[{"name":"wp","href":"https:\/\/api.w.org\/{rel}","templated":true}]}}