{"id":4369,"date":"2026-04-21T12:54:52","date_gmt":"2026-04-21T04:54:52","guid":{"rendered":"https:\/\/yoochenplastic.com\/?post_type=product&#038;p=4369"},"modified":"2026-04-21T12:57:24","modified_gmt":"2026-04-21T04:57:24","slug":"single-sided-frosted-clear-acrylic-black-translucent-acrylic","status":"publish","type":"product","link":"https:\/\/yoochenplastic.com\/de\/product\/single-sided-frosted-clear-acrylic-black-translucent-acrylic\/","title":{"rendered":"Einseitig mattiertes, klares Acryl &amp; schwarzes, transluzentes Acryl | Mehrfach gekr\u00fcmmtes Thermoformen"},"content":{"rendered":"<figure class=\"wp-block-table\"><table class=\"has-fixed-layout\"><tbody><tr><td>Name des Produkts<\/td><td>Acrylic electric vehicle\/motorcycle lamp cover\/lens<\/td><\/tr><tr><td>Gr\u00f6\u00dfe des Produkts<\/td><td>Custom size<\/td><\/tr><tr><td>Produktfarbe<\/td><td>Transparent\/clear, black translucent, single-sided Frosted<\/td><\/tr><tr><td>Material<\/td><td>Polymethylmethacrylat (PMMA, Acryl)<\/td><\/tr><tr><td>Benutzerdefiniert<\/td><td>Custom size\/color\/shape\/printing (laser cutting&nbsp;available)<\/td><\/tr><tr><td>Anmeldung<\/td><td>Lamp cover, advertising light boxes, decorative partitions, display racks, eyeglass lenses,decoration, etc.<\/td><\/tr><tr><td>Merkmal<\/td><td>Sehr hohe Lichtdurchl\u00e4ssigkeit, leicht zu verarbeiten, gute Dekorativit\u00e4t, hoher Oberfl\u00e4chenglanz<\/td><\/tr><tr><td>Physikalische Eigenschaften<\/td><td>Dichte: ~1,19g\/cm\u00b3; <br>Schlagz\u00e4higkeit: 150-200J\/m; <br>Lichtdurchl\u00e4ssigkeit: 90-92%; <br>Arbeitstemperatur: -30~80\u2103<\/td><\/tr><tr><td>Chemische Eigenschaften<\/td><td>Gute Witterungsbest\u00e4ndigkeit; <br>Nicht best\u00e4ndig gegen Aceton\/Ethylacetat; <br>Leicht zu zerkratzen<\/td><\/tr><tr><td>Andere<\/td><td>Laser engraving available, silk-screen\/UV printing compatible<\/td><\/tr><tr><td>Oberfl\u00e4che<\/td><td>Hochgl\u00e4nzend transparent, mattiert, Spiegel, bedruckte Muster<\/td><\/tr><tr><td>Fabrikationsprozess<\/td><td>Thermoforming\/Mold forming<\/td><\/tr><\/tbody><\/table><\/figure>\n\n\n\n<figure class=\"wp-block-image size-large\"><img fetchpriority=\"high\" decoding=\"async\" width=\"1024\" height=\"768\" src=\"https:\/\/yoochenplastic.com\/wp-content\/uploads\/2026\/04\/\u56fe\u7247\u5904\u7406\u9700\u6c42-12-1024x768.webp\" alt=\"Mehrfach gekr\u00fcmmte Acryl-Tiefziehteile\" class=\"wp-image-4379\" srcset=\"https:\/\/yoochenplastic.com\/wp-content\/uploads\/2026\/04\/\u56fe\u7247\u5904\u7406\u9700\u6c42-12-1024x768.webp 1024w, https:\/\/yoochenplastic.com\/wp-content\/uploads\/2026\/04\/\u56fe\u7247\u5904\u7406\u9700\u6c42-12-300x225.webp 300w, https:\/\/yoochenplastic.com\/wp-content\/uploads\/2026\/04\/\u56fe\u7247\u5904\u7406\u9700\u6c42-12-768x576.webp 768w, https:\/\/yoochenplastic.com\/wp-content\/uploads\/2026\/04\/\u56fe\u7247\u5904\u7406\u9700\u6c42-12-1536x1152.webp 1536w, https:\/\/yoochenplastic.com\/wp-content\/uploads\/2026\/04\/\u56fe\u7247\u5904\u7406\u9700\u6c42-12-2048x1536.webp 2048w, https:\/\/yoochenplastic.com\/wp-content\/uploads\/2026\/04\/\u56fe\u7247\u5904\u7406\u9700\u6c42-12-16x12.webp 16w\" sizes=\"(max-width: 1024px) 100vw, 1024px\" \/><\/figure>\n\n\n\n<figure class=\"wp-block-image size-large\"><img decoding=\"async\" width=\"1024\" height=\"1024\" src=\"https:\/\/yoochenplastic.com\/wp-content\/uploads\/2026\/04\/\u56fe\u7247\u5904\u7406\u9700\u6c42-9-1024x1024.webp\" alt=\"Mehrfach gekr\u00fcmmte Acryl-Tiefziehteile\" class=\"wp-image-4377\" srcset=\"https:\/\/yoochenplastic.com\/wp-content\/uploads\/2026\/04\/\u56fe\u7247\u5904\u7406\u9700\u6c42-9-1024x1024.webp 1024w, https:\/\/yoochenplastic.com\/wp-content\/uploads\/2026\/04\/\u56fe\u7247\u5904\u7406\u9700\u6c42-9-300x300.webp 300w, https:\/\/yoochenplastic.com\/wp-content\/uploads\/2026\/04\/\u56fe\u7247\u5904\u7406\u9700\u6c42-9-150x150.webp 150w, https:\/\/yoochenplastic.com\/wp-content\/uploads\/2026\/04\/\u56fe\u7247\u5904\u7406\u9700\u6c42-9-768x768.webp 768w, https:\/\/yoochenplastic.com\/wp-content\/uploads\/2026\/04\/\u56fe\u7247\u5904\u7406\u9700\u6c42-9-1536x1536.webp 1536w, https:\/\/yoochenplastic.com\/wp-content\/uploads\/2026\/04\/\u56fe\u7247\u5904\u7406\u9700\u6c42-9-12x12.webp 12w, https:\/\/yoochenplastic.com\/wp-content\/uploads\/2026\/04\/\u56fe\u7247\u5904\u7406\u9700\u6c42-9.webp 1773w\" sizes=\"(max-width: 1024px) 100vw, 1024px\" \/><\/figure>\n\n\n\n<figure class=\"wp-block-image size-large\"><img decoding=\"async\" width=\"1024\" height=\"1024\" src=\"https:\/\/yoochenplastic.com\/wp-content\/uploads\/2026\/04\/\u56fe\u7247\u5904\u7406\u9700\u6c42-11-1024x1024.webp\" alt=\"Mehrfach gekr\u00fcmmte Acryl-Tiefziehteile\" class=\"wp-image-4378\" srcset=\"https:\/\/yoochenplastic.com\/wp-content\/uploads\/2026\/04\/\u56fe\u7247\u5904\u7406\u9700\u6c42-11-1024x1024.webp 1024w, https:\/\/yoochenplastic.com\/wp-content\/uploads\/2026\/04\/\u56fe\u7247\u5904\u7406\u9700\u6c42-11-300x300.webp 300w, https:\/\/yoochenplastic.com\/wp-content\/uploads\/2026\/04\/\u56fe\u7247\u5904\u7406\u9700\u6c42-11-150x150.webp 150w, https:\/\/yoochenplastic.com\/wp-content\/uploads\/2026\/04\/\u56fe\u7247\u5904\u7406\u9700\u6c42-11-768x768.webp 768w, https:\/\/yoochenplastic.com\/wp-content\/uploads\/2026\/04\/\u56fe\u7247\u5904\u7406\u9700\u6c42-11-1536x1536.webp 1536w, https:\/\/yoochenplastic.com\/wp-content\/uploads\/2026\/04\/\u56fe\u7247\u5904\u7406\u9700\u6c42-11-12x12.webp 12w, https:\/\/yoochenplastic.com\/wp-content\/uploads\/2026\/04\/\u56fe\u7247\u5904\u7406\u9700\u6c42-11.webp 1773w\" sizes=\"(max-width: 1024px) 100vw, 1024px\" \/><\/figure>","protected":false},"featured_media":4373,"menu_order":0,"template":"","meta":{"_acf_changed":false,"footnotes":""},"product-category":[52],"product-tag":[],"class_list":["post-4369","product","type-product","status-publish","has-post-thumbnail","hentry","product-category-protective-shield-covers-plate"],"acf":[],"_links":{"self":[{"href":"https:\/\/yoochenplastic.com\/de\/wp-json\/wp\/v2\/product\/4369","targetHints":{"allow":["GET"]}}],"collection":[{"href":"https:\/\/yoochenplastic.com\/de\/wp-json\/wp\/v2\/product"}],"about":[{"href":"https:\/\/yoochenplastic.com\/de\/wp-json\/wp\/v2\/types\/product"}],"version-history":[{"count":2,"href":"https:\/\/yoochenplastic.com\/de\/wp-json\/wp\/v2\/product\/4369\/revisions"}],"predecessor-version":[{"id":4381,"href":"https:\/\/yoochenplastic.com\/de\/wp-json\/wp\/v2\/product\/4369\/revisions\/4381"}],"wp:featuredmedia":[{"embeddable":true,"href":"https:\/\/yoochenplastic.com\/de\/wp-json\/wp\/v2\/media\/4373"}],"wp:attachment":[{"href":"https:\/\/yoochenplastic.com\/de\/wp-json\/wp\/v2\/media?parent=4369"}],"wp:term":[{"taxonomy":"product-category","embeddable":true,"href":"https:\/\/yoochenplastic.com\/de\/wp-json\/wp\/v2\/product-category?post=4369"},{"taxonomy":"product-tag","embeddable":true,"href":"https:\/\/yoochenplastic.com\/de\/wp-json\/wp\/v2\/product-tag?post=4369"}],"curies":[{"name":"wp","href":"https:\/\/api.w.org\/{rel}","templated":true}]}}