{"id":4369,"date":"2026-04-21T12:54:52","date_gmt":"2026-04-21T04:54:52","guid":{"rendered":"https:\/\/yoochenplastic.com\/?post_type=product&#038;p=4369"},"modified":"2026-04-21T12:57:24","modified_gmt":"2026-04-21T04:57:24","slug":"single-sided-frosted-clear-acrylic-black-translucent-acrylic","status":"publish","type":"product","link":"https:\/\/yoochenplastic.com\/es\/product\/single-sided-frosted-clear-acrylic-black-translucent-acrylic\/","title":{"rendered":"Acr\u00edlico transparente esmerilado por una cara y acr\u00edlico transl\u00facido negro | Termoformado curvado m\u00faltiple"},"content":{"rendered":"<figure class=\"wp-block-table\"><table class=\"has-fixed-layout\"><tbody><tr><td>Nombre del producto<\/td><td>Tapa\/lente acr\u00edlica para faro de veh\u00edculo el\u00e9ctrico\/motocicleta<\/td><\/tr><tr><td>Tama\u00f1o del producto<\/td><td>Tama\u00f1o personalizado<\/td><\/tr><tr><td>Color del producto<\/td><td>Transparente\/claro, negro transl\u00facido, una cara Esmerilado<\/td><\/tr><tr><td>Material<\/td><td>Polimetacrilato de metilo (PMMA, acr\u00edlico)<\/td><\/tr><tr><td>A medida<\/td><td>Tama\u00f1o\/color\/forma\/impresi\u00f3n personalizados (corte por l\u00e1ser disponible)<\/td><\/tr><tr><td>Aplicaci\u00f3n<\/td><td>Cubiertas de l\u00e1mparas, cajas de luz publicitarias, tabiques decorativos, expositores, lentes de gafas, decoraci\u00f3n, etc.<\/td><\/tr><tr><td>Caracter\u00edstica<\/td><td>Transmitancia luminosa ultra alta, f\u00e1cil de procesar, buena decoratividad, alto brillo superficial<\/td><\/tr><tr><td>Propiedades f\u00edsicas<\/td><td>Densidad: ~1,19g\/cm\u00b3; <br>Resistencia al impacto: 150-200J\/m; <br>Transmitancia luminosa: 90-92%; <br>Temperatura de trabajo: -30~80\u2103<\/td><\/tr><tr><td>Propiedades qu\u00edmicas<\/td><td>Buena resistencia a la intemperie; <br>No resistente a la acetona\/acetato de etilo; <br>F\u00e1cil de rayar<\/td><\/tr><tr><td>Otros<\/td><td>Grabado l\u00e1ser disponible, compatible con serigraf\u00eda\/impresi\u00f3n UV<\/td><\/tr><tr><td>Superficie<\/td><td>Transparente de alto brillo, esmerilado, espejo, motivos impresos<\/td><\/tr><tr><td>Proceso de fabricaci\u00f3n<\/td><td>Termoformado\/Formado de moldes<\/td><\/tr><\/tbody><\/table><\/figure>\n\n\n\n<figure class=\"wp-block-image size-large\"><img fetchpriority=\"high\" decoding=\"async\" width=\"1024\" height=\"768\" src=\"https:\/\/yoochenplastic.com\/wp-content\/uploads\/2026\/04\/\u56fe\u7247\u5904\u7406\u9700\u6c42-12-1024x768.webp\" alt=\"Termoformado acr\u00edlico multicurva\" class=\"wp-image-4379\" srcset=\"https:\/\/yoochenplastic.com\/wp-content\/uploads\/2026\/04\/\u56fe\u7247\u5904\u7406\u9700\u6c42-12-1024x768.webp 1024w, https:\/\/yoochenplastic.com\/wp-content\/uploads\/2026\/04\/\u56fe\u7247\u5904\u7406\u9700\u6c42-12-300x225.webp 300w, https:\/\/yoochenplastic.com\/wp-content\/uploads\/2026\/04\/\u56fe\u7247\u5904\u7406\u9700\u6c42-12-768x576.webp 768w, https:\/\/yoochenplastic.com\/wp-content\/uploads\/2026\/04\/\u56fe\u7247\u5904\u7406\u9700\u6c42-12-1536x1152.webp 1536w, https:\/\/yoochenplastic.com\/wp-content\/uploads\/2026\/04\/\u56fe\u7247\u5904\u7406\u9700\u6c42-12-2048x1536.webp 2048w, https:\/\/yoochenplastic.com\/wp-content\/uploads\/2026\/04\/\u56fe\u7247\u5904\u7406\u9700\u6c42-12-16x12.webp 16w\" sizes=\"(max-width: 1024px) 100vw, 1024px\" \/><\/figure>\n\n\n\n<figure class=\"wp-block-image size-large\"><img decoding=\"async\" width=\"1024\" height=\"1024\" src=\"https:\/\/yoochenplastic.com\/wp-content\/uploads\/2026\/04\/\u56fe\u7247\u5904\u7406\u9700\u6c42-9-1024x1024.webp\" alt=\"Termoformado acr\u00edlico multicurva\" class=\"wp-image-4377\" srcset=\"https:\/\/yoochenplastic.com\/wp-content\/uploads\/2026\/04\/\u56fe\u7247\u5904\u7406\u9700\u6c42-9-1024x1024.webp 1024w, https:\/\/yoochenplastic.com\/wp-content\/uploads\/2026\/04\/\u56fe\u7247\u5904\u7406\u9700\u6c42-9-300x300.webp 300w, https:\/\/yoochenplastic.com\/wp-content\/uploads\/2026\/04\/\u56fe\u7247\u5904\u7406\u9700\u6c42-9-150x150.webp 150w, https:\/\/yoochenplastic.com\/wp-content\/uploads\/2026\/04\/\u56fe\u7247\u5904\u7406\u9700\u6c42-9-768x768.webp 768w, https:\/\/yoochenplastic.com\/wp-content\/uploads\/2026\/04\/\u56fe\u7247\u5904\u7406\u9700\u6c42-9-1536x1536.webp 1536w, https:\/\/yoochenplastic.com\/wp-content\/uploads\/2026\/04\/\u56fe\u7247\u5904\u7406\u9700\u6c42-9-12x12.webp 12w, https:\/\/yoochenplastic.com\/wp-content\/uploads\/2026\/04\/\u56fe\u7247\u5904\u7406\u9700\u6c42-9.webp 1773w\" sizes=\"(max-width: 1024px) 100vw, 1024px\" \/><\/figure>\n\n\n\n<figure class=\"wp-block-image size-large\"><img decoding=\"async\" width=\"1024\" height=\"1024\" src=\"https:\/\/yoochenplastic.com\/wp-content\/uploads\/2026\/04\/\u56fe\u7247\u5904\u7406\u9700\u6c42-11-1024x1024.webp\" alt=\"Termoformado acr\u00edlico multicurva\" class=\"wp-image-4378\" srcset=\"https:\/\/yoochenplastic.com\/wp-content\/uploads\/2026\/04\/\u56fe\u7247\u5904\u7406\u9700\u6c42-11-1024x1024.webp 1024w, https:\/\/yoochenplastic.com\/wp-content\/uploads\/2026\/04\/\u56fe\u7247\u5904\u7406\u9700\u6c42-11-300x300.webp 300w, https:\/\/yoochenplastic.com\/wp-content\/uploads\/2026\/04\/\u56fe\u7247\u5904\u7406\u9700\u6c42-11-150x150.webp 150w, https:\/\/yoochenplastic.com\/wp-content\/uploads\/2026\/04\/\u56fe\u7247\u5904\u7406\u9700\u6c42-11-768x768.webp 768w, https:\/\/yoochenplastic.com\/wp-content\/uploads\/2026\/04\/\u56fe\u7247\u5904\u7406\u9700\u6c42-11-1536x1536.webp 1536w, https:\/\/yoochenplastic.com\/wp-content\/uploads\/2026\/04\/\u56fe\u7247\u5904\u7406\u9700\u6c42-11-12x12.webp 12w, https:\/\/yoochenplastic.com\/wp-content\/uploads\/2026\/04\/\u56fe\u7247\u5904\u7406\u9700\u6c42-11.webp 1773w\" sizes=\"(max-width: 1024px) 100vw, 1024px\" \/><\/figure>","protected":false},"featured_media":4373,"menu_order":0,"template":"","meta":{"_acf_changed":false,"footnotes":""},"product-category":[52],"product-tag":[],"class_list":["post-4369","product","type-product","status-publish","has-post-thumbnail","hentry","product-category-protective-shield-covers-plate"],"acf":[],"_links":{"self":[{"href":"https:\/\/yoochenplastic.com\/es\/wp-json\/wp\/v2\/product\/4369","targetHints":{"allow":["GET"]}}],"collection":[{"href":"https:\/\/yoochenplastic.com\/es\/wp-json\/wp\/v2\/product"}],"about":[{"href":"https:\/\/yoochenplastic.com\/es\/wp-json\/wp\/v2\/types\/product"}],"version-history":[{"count":2,"href":"https:\/\/yoochenplastic.com\/es\/wp-json\/wp\/v2\/product\/4369\/revisions"}],"predecessor-version":[{"id":4381,"href":"https:\/\/yoochenplastic.com\/es\/wp-json\/wp\/v2\/product\/4369\/revisions\/4381"}],"wp:featuredmedia":[{"embeddable":true,"href":"https:\/\/yoochenplastic.com\/es\/wp-json\/wp\/v2\/media\/4373"}],"wp:attachment":[{"href":"https:\/\/yoochenplastic.com\/es\/wp-json\/wp\/v2\/media?parent=4369"}],"wp:term":[{"taxonomy":"product-category","embeddable":true,"href":"https:\/\/yoochenplastic.com\/es\/wp-json\/wp\/v2\/product-category?post=4369"},{"taxonomy":"product-tag","embeddable":true,"href":"https:\/\/yoochenplastic.com\/es\/wp-json\/wp\/v2\/product-tag?post=4369"}],"curies":[{"name":"wp","href":"https:\/\/api.w.org\/{rel}","templated":true}]}}