{"id":3725,"date":"2026-02-05T16:03:17","date_gmt":"2026-02-05T08:03:17","guid":{"rendered":"https:\/\/yoochenplastic.com\/?post_type=product&#038;p=3725"},"modified":"2026-02-05T16:03:18","modified_gmt":"2026-02-05T08:03:18","slug":"card-swiping-panel","status":"publish","type":"product","link":"https:\/\/yoochenplastic.com\/tr\/product\/card-swiping-panel\/","title":{"rendered":"Lazer Kesim Freze ve Bask\u0131 ile Kartl\u0131 Ge\u00e7i\u015f Paneli"},"content":{"rendered":"<figure class=\"wp-block-table\"><table><tbody><tr><td>Product name<\/td><td>Kart De\u011fi\u015ftirme Paneli<\/td><\/tr><tr><td>Product size<\/td><td>Made-to-Order Size;<br>Thickness: 2mm+3mm<\/td><\/tr><tr><td>Product color<\/td><td>Black\/Grey<\/td><\/tr><tr><td>Malzeme<\/td><td>Polimetil Metakrilat (PMMA, Akrilik)<\/td><\/tr><tr><td>Custom<\/td><td>Custom Size\/Color\/Shape\/Printing (Laser Cutting Available)<\/td><\/tr><tr><td>Application<\/td><td>Industrial &amp; Commercial Equipment, Public Service &amp; Community, Consumption &amp; Service<\/td><\/tr><tr><td>Feature<\/td><td>Ultra-high light transmittance, Easy to process, Good decorativeness, High surface gloss<\/td><\/tr><tr><td>Physical properties<\/td><td>Density: ~1.19g\/cm\u00b3;Impact strength: 150-200J\/m;Light transmittance: 90-92%;Working temp: -30~80\u2103<\/td><\/tr><tr><td>Chemical properties<\/td><td>Good weather resistance;Not resistant to acetone\/ethyl acetate;<br>Easy to scratch<\/td><\/tr><tr><td>Others<\/td><td>Laser engraving available,<br>Silk-screen\/UV printing compatible<\/td><\/tr><tr><td>Surface<\/td><td>Printed patterns<\/td><\/tr><tr><td>Fabrication Process<\/td><td>Laser cutting\/Milling\/Silk screen printing<\/td><\/tr><\/tbody><\/table><\/figure>","protected":false},"featured_media":3728,"menu_order":0,"template":"","meta":{"_acf_changed":false,"footnotes":""},"product-category":[36,52],"product-tag":[61,57,63,62],"class_list":["post-3725","product","type-product","status-publish","has-post-thumbnail","hentry","product-category-acrylic-sheet","product-category-protective-shield-covers-plate","product-tag-acrylic","product-tag-impact-resistant","product-tag-laser-cutting","product-tag-pmma"],"acf":[],"_links":{"self":[{"href":"https:\/\/yoochenplastic.com\/tr\/wp-json\/wp\/v2\/product\/3725","targetHints":{"allow":["GET"]}}],"collection":[{"href":"https:\/\/yoochenplastic.com\/tr\/wp-json\/wp\/v2\/product"}],"about":[{"href":"https:\/\/yoochenplastic.com\/tr\/wp-json\/wp\/v2\/types\/product"}],"version-history":[{"count":2,"href":"https:\/\/yoochenplastic.com\/tr\/wp-json\/wp\/v2\/product\/3725\/revisions"}],"predecessor-version":[{"id":3810,"href":"https:\/\/yoochenplastic.com\/tr\/wp-json\/wp\/v2\/product\/3725\/revisions\/3810"}],"wp:featuredmedia":[{"embeddable":true,"href":"https:\/\/yoochenplastic.com\/tr\/wp-json\/wp\/v2\/media\/3728"}],"wp:attachment":[{"href":"https:\/\/yoochenplastic.com\/tr\/wp-json\/wp\/v2\/media?parent=3725"}],"wp:term":[{"taxonomy":"product-category","embeddable":true,"href":"https:\/\/yoochenplastic.com\/tr\/wp-json\/wp\/v2\/product-category?post=3725"},{"taxonomy":"product-tag","embeddable":true,"href":"https:\/\/yoochenplastic.com\/tr\/wp-json\/wp\/v2\/product-tag?post=3725"}],"curies":[{"name":"wp","href":"https:\/\/api.w.org\/{rel}","templated":true}]}}