{"id":4134,"date":"2026-03-23T14:57:40","date_gmt":"2026-03-23T06:57:40","guid":{"rendered":"https:\/\/yoochenplastic.com\/?post_type=product&#038;p=4134"},"modified":"2026-03-23T15:13:43","modified_gmt":"2026-03-23T07:13:43","slug":"custom-size-acrylic-display-stands","status":"publish","type":"product","link":"https:\/\/yoochenplastic.com\/tr\/product\/custom-size-acrylic-display-stands\/","title":{"rendered":"\u00d6zel Boyutlu \u015eeffaf Akrilik Te\u015fhir Standlar\u0131 | Tabela Tutucular A3\/A4\/A5\/A6"},"content":{"rendered":"<div data-elementor-type=\"wp-post\" data-elementor-id=\"4134\" class=\"elementor elementor-4134\" data-elementor-post-type=\"product\">\n\t\t\t\t<div class=\"elementor-element elementor-element-ad4c729 e-flex e-con-boxed e-con e-parent\" data-id=\"ad4c729\" data-element_type=\"container\" data-e-type=\"container\">\n\t\t\t\t\t<div class=\"e-con-inner\">\n\t\t\t\t<div class=\"elementor-element elementor-element-3630871 elementor-widget elementor-widget-image\" data-id=\"3630871\" data-element_type=\"widget\" data-e-type=\"widget\" data-widget_type=\"image.default\">\n\t\t\t\t<div class=\"elementor-widget-container\">\n\t\t\t\t\t\t\t\t\t\t\t\t\t\t\t<img fetchpriority=\"high\" decoding=\"async\" width=\"800\" height=\"800\" src=\"https:\/\/yoochenplastic.com\/wp-content\/uploads\/2026\/03\/O1CN01IyDE8l1lMk79YbKrr_2214551214805-0-cib.webp\" class=\"attachment-large size-large wp-image-4150\" alt=\"Acrylic Display Stands\" srcset=\"https:\/\/yoochenplastic.com\/wp-content\/uploads\/2026\/03\/O1CN01IyDE8l1lMk79YbKrr_2214551214805-0-cib.webp 800w, https:\/\/yoochenplastic.com\/wp-content\/uploads\/2026\/03\/O1CN01IyDE8l1lMk79YbKrr_2214551214805-0-cib-300x300.webp 300w, https:\/\/yoochenplastic.com\/wp-content\/uploads\/2026\/03\/O1CN01IyDE8l1lMk79YbKrr_2214551214805-0-cib-150x150.webp 150w, https:\/\/yoochenplastic.com\/wp-content\/uploads\/2026\/03\/O1CN01IyDE8l1lMk79YbKrr_2214551214805-0-cib-768x768.webp 768w\" sizes=\"(max-width: 800px) 100vw, 800px\" \/>\t\t\t\t\t\t\t\t\t\t\t\t\t\t\t<\/div>\n\t\t\t\t<\/div>\n\t\t\t\t<div class=\"elementor-element elementor-element-aa4b779 elementor-widget elementor-widget-image\" data-id=\"aa4b779\" data-element_type=\"widget\" data-e-type=\"widget\" data-widget_type=\"image.default\">\n\t\t\t\t<div class=\"elementor-widget-container\">\n\t\t\t\t\t\t\t\t\t\t\t\t\t\t\t<img decoding=\"async\" width=\"800\" height=\"800\" src=\"https:\/\/yoochenplastic.com\/wp-content\/uploads\/2026\/03\/main-image-5.webp\" class=\"attachment-large size-large wp-image-4155\" alt=\"Acrylic Display Stands\" srcset=\"https:\/\/yoochenplastic.com\/wp-content\/uploads\/2026\/03\/main-image-5.webp 800w, https:\/\/yoochenplastic.com\/wp-content\/uploads\/2026\/03\/main-image-5-300x300.webp 300w, https:\/\/yoochenplastic.com\/wp-content\/uploads\/2026\/03\/main-image-5-150x150.webp 150w, https:\/\/yoochenplastic.com\/wp-content\/uploads\/2026\/03\/main-image-5-768x768.webp 768w\" sizes=\"(max-width: 800px) 100vw, 800px\" \/>\t\t\t\t\t\t\t\t\t\t\t\t\t\t\t<\/div>\n\t\t\t\t<\/div>\n\t\t\t\t<div class=\"elementor-element elementor-element-7ac190a elementor-widget elementor-widget-image\" data-id=\"7ac190a\" data-element_type=\"widget\" data-e-type=\"widget\" data-widget_type=\"image.default\">\n\t\t\t\t<div class=\"elementor-widget-container\">\n\t\t\t\t\t\t\t\t\t\t\t\t\t\t\t<img decoding=\"async\" width=\"800\" height=\"800\" src=\"https:\/\/yoochenplastic.com\/wp-content\/uploads\/2026\/03\/main-image-3.webp\" class=\"attachment-large size-large wp-image-4147\" alt=\"Acrylic Display Stands\" srcset=\"https:\/\/yoochenplastic.com\/wp-content\/uploads\/2026\/03\/main-image-3.webp 800w, https:\/\/yoochenplastic.com\/wp-content\/uploads\/2026\/03\/main-image-3-300x300.webp 300w, https:\/\/yoochenplastic.com\/wp-content\/uploads\/2026\/03\/main-image-3-150x150.webp 150w, https:\/\/yoochenplastic.com\/wp-content\/uploads\/2026\/03\/main-image-3-768x768.webp 768w\" sizes=\"(max-width: 800px) 100vw, 800px\" \/>\t\t\t\t\t\t\t\t\t\t\t\t\t\t\t<\/div>\n\t\t\t\t<\/div>\n\t\t\t\t<div class=\"elementor-element elementor-element-4f94f7d elementor-widget elementor-widget-image\" data-id=\"4f94f7d\" data-element_type=\"widget\" data-e-type=\"widget\" data-widget_type=\"image.default\">\n\t\t\t\t<div class=\"elementor-widget-container\">\n\t\t\t\t\t\t\t\t\t\t\t\t\t\t\t<img loading=\"lazy\" decoding=\"async\" width=\"800\" height=\"755\" src=\"https:\/\/yoochenplastic.com\/wp-content\/uploads\/2026\/03\/main-image-4.webp\" class=\"attachment-large size-large wp-image-4148\" alt=\"Acrylic Display Stands\" srcset=\"https:\/\/yoochenplastic.com\/wp-content\/uploads\/2026\/03\/main-image-4.webp 800w, https:\/\/yoochenplastic.com\/wp-content\/uploads\/2026\/03\/main-image-4-300x283.webp 300w, https:\/\/yoochenplastic.com\/wp-content\/uploads\/2026\/03\/main-image-4-768x725.webp 768w\" sizes=\"(max-width: 800px) 100vw, 800px\" \/>\t\t\t\t\t\t\t\t\t\t\t\t\t\t\t<\/div>\n\t\t\t\t<\/div>\n\t\t\t\t<div class=\"elementor-element elementor-element-f3af1b7 elementor-widget elementor-widget-image\" data-id=\"f3af1b7\" data-element_type=\"widget\" data-e-type=\"widget\" data-widget_type=\"image.default\">\n\t\t\t\t<div class=\"elementor-widget-container\">\n\t\t\t\t\t\t\t\t\t\t\t\t\t\t\t<img loading=\"lazy\" decoding=\"async\" width=\"800\" height=\"800\" src=\"https:\/\/yoochenplastic.com\/wp-content\/uploads\/2026\/03\/main-image-6.webp\" class=\"attachment-large size-large wp-image-4149\" alt=\"Acrylic Display Stands\" srcset=\"https:\/\/yoochenplastic.com\/wp-content\/uploads\/2026\/03\/main-image-6.webp 800w, https:\/\/yoochenplastic.com\/wp-content\/uploads\/2026\/03\/main-image-6-300x300.webp 300w, https:\/\/yoochenplastic.com\/wp-content\/uploads\/2026\/03\/main-image-6-150x150.webp 150w, https:\/\/yoochenplastic.com\/wp-content\/uploads\/2026\/03\/main-image-6-768x768.webp 768w\" sizes=\"(max-width: 800px) 100vw, 800px\" \/>\t\t\t\t\t\t\t\t\t\t\t\t\t\t\t<\/div>\n\t\t\t\t<\/div>\n\t\t\t\t<div class=\"elementor-element elementor-element-05cfb9a elementor-widget elementor-widget-image\" data-id=\"05cfb9a\" data-element_type=\"widget\" data-e-type=\"widget\" data-widget_type=\"image.default\">\n\t\t\t\t<div class=\"elementor-widget-container\">\n\t\t\t\t\t\t\t\t\t\t\t\t\t\t\t<img loading=\"lazy\" decoding=\"async\" width=\"800\" height=\"800\" src=\"https:\/\/yoochenplastic.com\/wp-content\/uploads\/2026\/03\/O1CN011sxVJH1lMk7FOs5hg_2214551214805-0-cib.webp\" class=\"attachment-large size-large wp-image-4151\" alt=\"Acrylic Display Stands\" srcset=\"https:\/\/yoochenplastic.com\/wp-content\/uploads\/2026\/03\/O1CN011sxVJH1lMk7FOs5hg_2214551214805-0-cib.webp 800w, https:\/\/yoochenplastic.com\/wp-content\/uploads\/2026\/03\/O1CN011sxVJH1lMk7FOs5hg_2214551214805-0-cib-300x300.webp 300w, https:\/\/yoochenplastic.com\/wp-content\/uploads\/2026\/03\/O1CN011sxVJH1lMk7FOs5hg_2214551214805-0-cib-150x150.webp 150w, https:\/\/yoochenplastic.com\/wp-content\/uploads\/2026\/03\/O1CN011sxVJH1lMk7FOs5hg_2214551214805-0-cib-768x768.webp 768w\" sizes=\"(max-width: 800px) 100vw, 800px\" \/>\t\t\t\t\t\t\t\t\t\t\t\t\t\t\t<\/div>\n\t\t\t\t<\/div>\n\t\t\t\t\t<\/div>\n\t\t\t\t<\/div>\n\t\t\t\t<\/div>","protected":false},"featured_media":4140,"menu_order":0,"template":"","meta":{"_acf_changed":false,"footnotes":""},"product-category":[47],"product-tag":[],"class_list":["post-4134","product","type-product","status-publish","has-post-thumbnail","hentry","product-category-display-stands-racks"],"acf":[],"_links":{"self":[{"href":"https:\/\/yoochenplastic.com\/tr\/wp-json\/wp\/v2\/product\/4134","targetHints":{"allow":["GET"]}}],"collection":[{"href":"https:\/\/yoochenplastic.com\/tr\/wp-json\/wp\/v2\/product"}],"about":[{"href":"https:\/\/yoochenplastic.com\/tr\/wp-json\/wp\/v2\/types\/product"}],"version-history":[{"count":5,"href":"https:\/\/yoochenplastic.com\/tr\/wp-json\/wp\/v2\/product\/4134\/revisions"}],"predecessor-version":[{"id":4158,"href":"https:\/\/yoochenplastic.com\/tr\/wp-json\/wp\/v2\/product\/4134\/revisions\/4158"}],"wp:featuredmedia":[{"embeddable":true,"href":"https:\/\/yoochenplastic.com\/tr\/wp-json\/wp\/v2\/media\/4140"}],"wp:attachment":[{"href":"https:\/\/yoochenplastic.com\/tr\/wp-json\/wp\/v2\/media?parent=4134"}],"wp:term":[{"taxonomy":"product-category","embeddable":true,"href":"https:\/\/yoochenplastic.com\/tr\/wp-json\/wp\/v2\/product-category?post=4134"},{"taxonomy":"product-tag","embeddable":true,"href":"https:\/\/yoochenplastic.com\/tr\/wp-json\/wp\/v2\/product-tag?post=4134"}],"curies":[{"name":"wp","href":"https:\/\/api.w.org\/{rel}","templated":true}]}}