{"id":4245,"date":"2026-03-30T15:33:49","date_gmt":"2026-03-30T07:33:49","guid":{"rendered":"https:\/\/yoochenplastic.com\/?post_type=product&#038;p=4245"},"modified":"2026-03-30T15:34:22","modified_gmt":"2026-03-30T07:34:22","slug":"transparent-pc-sheet-custom-fabrication","status":"publish","type":"product","link":"https:\/\/yoochenplastic.com\/tr\/product\/transparent-pc-sheet-custom-fabrication\/","title":{"rendered":"\u015eeffaf Polikarbonat (PC) Levha Ekipman Korumalar\u0131 ve Kalkanlar\u0131 \u00d6zel \u0130malat"},"content":{"rendered":"","protected":false},"featured_media":4017,"menu_order":0,"template":"","meta":{"_acf_changed":false,"footnotes":""},"product-category":[35,52],"product-tag":[54],"class_list":["post-4245","product","type-product","status-publish","has-post-thumbnail","hentry","product-category-polycarbonate-sheet","product-category-protective-shield-covers-plate","product-tag-polycarbonate-pc"],"acf":[],"_links":{"self":[{"href":"https:\/\/yoochenplastic.com\/tr\/wp-json\/wp\/v2\/product\/4245","targetHints":{"allow":["GET"]}}],"collection":[{"href":"https:\/\/yoochenplastic.com\/tr\/wp-json\/wp\/v2\/product"}],"about":[{"href":"https:\/\/yoochenplastic.com\/tr\/wp-json\/wp\/v2\/types\/product"}],"version-history":[{"count":1,"href":"https:\/\/yoochenplastic.com\/tr\/wp-json\/wp\/v2\/product\/4245\/revisions"}],"predecessor-version":[{"id":4254,"href":"https:\/\/yoochenplastic.com\/tr\/wp-json\/wp\/v2\/product\/4245\/revisions\/4254"}],"wp:featuredmedia":[{"embeddable":true,"href":"https:\/\/yoochenplastic.com\/tr\/wp-json\/wp\/v2\/media\/4017"}],"wp:attachment":[{"href":"https:\/\/yoochenplastic.com\/tr\/wp-json\/wp\/v2\/media?parent=4245"}],"wp:term":[{"taxonomy":"product-category","embeddable":true,"href":"https:\/\/yoochenplastic.com\/tr\/wp-json\/wp\/v2\/product-category?post=4245"},{"taxonomy":"product-tag","embeddable":true,"href":"https:\/\/yoochenplastic.com\/tr\/wp-json\/wp\/v2\/product-tag?post=4245"}],"curies":[{"name":"wp","href":"https:\/\/api.w.org\/{rel}","templated":true}]}}