{"id":4256,"date":"2026-03-31T14:08:31","date_gmt":"2026-03-31T06:08:31","guid":{"rendered":"https:\/\/yoochenplastic.com\/?post_type=product&#038;p=4256"},"modified":"2026-03-31T14:10:40","modified_gmt":"2026-03-31T06:10:40","slug":"ev-charger-protective-covers","status":"publish","type":"product","link":"https:\/\/yoochenplastic.com\/tr\/product\/ev-charger-protective-covers\/","title":{"rendered":"Alev Geciktirici Polikarbonat \u00d6zel \u0130malat | EV \u015earj Cihazlar\u0131 Koruyucu Kapaklar ve Muhafazalar"},"content":{"rendered":"<h2 class=\"wp-block-heading\">Polycarbonate Material Information<\/h2>\n\n\n\n<figure class=\"wp-block-table\"><table class=\"has-fixed-layout\"><tbody><tr><td>Malzeme<\/td><td>Polycarbonate Sheet (PC Sheet)<\/td><\/tr><tr><td>Size<\/td><td>Standard:&nbsp;1220\u00d72440mm(custom size available); Thickness: 1-20mm<\/td><\/tr><tr><td>Color<\/td><td>Transparent, white, black, blue,\u00a0custom colors<\/td><\/tr><tr><td>Custom<\/td><td>Drawing to sample\/Custom size\/thickness\/shape<\/td><\/tr><tr><td>Application<\/td><td>Building skylights, car lamp covers, industrial protective shields, electronic device housings<\/td><\/tr><tr><td>Feature<\/td><td>High impact resistance, excellent weather resistance, high light transmittance, wide temperature range<\/td><\/tr><tr><td>Physical properties<\/td><td>Density: ~1.2g\/cm\u00b3; <br>Impact strength: 600-800J\/m; <br>Light transmittance: 88-90%; <br>Working temp: -40~120\u2103<\/td><\/tr><tr><td>Chemical properties<\/td><td>Flame retardancy, chemical corrosion resistance, etc.<\/td><\/tr><tr><td>Others<\/td><td>Flame retardant (UL94 V-0 grade), antistatic (custom)<\/td><\/tr><tr><td>Surface<\/td><td>Smooth transparent\/Frosted<\/td><\/tr><\/tbody><\/table><\/figure>","protected":false},"featured_media":4262,"menu_order":0,"template":"","meta":{"_acf_changed":false,"footnotes":""},"product-category":[52],"product-tag":[],"class_list":["post-4256","product","type-product","status-publish","has-post-thumbnail","hentry","product-category-protective-shield-covers-plate"],"acf":[],"_links":{"self":[{"href":"https:\/\/yoochenplastic.com\/tr\/wp-json\/wp\/v2\/product\/4256","targetHints":{"allow":["GET"]}}],"collection":[{"href":"https:\/\/yoochenplastic.com\/tr\/wp-json\/wp\/v2\/product"}],"about":[{"href":"https:\/\/yoochenplastic.com\/tr\/wp-json\/wp\/v2\/types\/product"}],"version-history":[{"count":3,"href":"https:\/\/yoochenplastic.com\/tr\/wp-json\/wp\/v2\/product\/4256\/revisions"}],"predecessor-version":[{"id":4272,"href":"https:\/\/yoochenplastic.com\/tr\/wp-json\/wp\/v2\/product\/4256\/revisions\/4272"}],"wp:featuredmedia":[{"embeddable":true,"href":"https:\/\/yoochenplastic.com\/tr\/wp-json\/wp\/v2\/media\/4262"}],"wp:attachment":[{"href":"https:\/\/yoochenplastic.com\/tr\/wp-json\/wp\/v2\/media?parent=4256"}],"wp:term":[{"taxonomy":"product-category","embeddable":true,"href":"https:\/\/yoochenplastic.com\/tr\/wp-json\/wp\/v2\/product-category?post=4256"},{"taxonomy":"product-tag","embeddable":true,"href":"https:\/\/yoochenplastic.com\/tr\/wp-json\/wp\/v2\/product-tag?post=4256"}],"curies":[{"name":"wp","href":"https:\/\/api.w.org\/{rel}","templated":true}]}}